{"id":33,"date":"2025-08-20T14:14:26","date_gmt":"2025-08-20T14:14:26","guid":{"rendered":"https:\/\/ostramor.com\/pt\/home\/"},"modified":"2025-08-29T13:57:06","modified_gmt":"2025-08-29T13:57:06","slug":"home","status":"publish","type":"page","link":"https:\/\/ostramor.com\/pt\/","title":{"rendered":"OSTRAMOR &#8211; Oysters for Weddings"},"content":{"rendered":"\n\n\n\n\n\n\n\n\n\n\n\n\n\n\n\n\n\nOSTRAMOR\nOysters for Weddings\n+351 920 513 412\n\n\n\n\n\n\n\n\n\n\n\n\n\n\n\n\n\n\n\n\nWelcome\n<p style=\"color:#898989;font-family: poppins;font-size:12px;line-height:2;text-align: left;\">Na OSTRAMOR acreditamos que cada detalhe faz a diferen\u00e7a num grande dia. \u00c9 por isso que levamos at\u00e9 ao seu casamento uma experi\u00eancia \u00fanica e sofisticada: ostras frescas, servidas com eleg\u00e2ncia e requinte.\nMais do que um simples aperitivo, oferecemos um momento memor\u00e1vel para os noivos e convidados. Cada ostra \u00e9 aberta ao vivo, com todo o cuidado e mestria, criando um espet\u00e1culo gastron\u00f3mico que junta sabor, frescura e exclusividade.\nA nossa miss\u00e3o \u00e9 transformar a celebra\u00e7\u00e3o em algo inesquec\u00edvel, elevando o cocktail ou a rece\u00e7\u00e3o com um toque de luxo e autenticidade. Trabalhamos apenas com ostras de qualidade premium, selecionadas e preparadas para garantir a melhor experi\u00eancia.\nSe procura surpreender e encantar os seus convidados, a OSTRAMOR \u00e9 a escolha perfeita para dar ao seu casamento um sabor especial \u2013 porque grandes hist\u00f3rias come\u00e7am sempre com pequenos detalhes inesquec\u00edveis..<\/p>\n\n\n\n\n\n\n\n\n\n\n\n\n\n\n\n\n\n\n\n\n\nOSTRAMOR\nOysters for Weddings\n<p style=\"color:#898989;font-family: poppins;font-size:12px;line-height:2;text-align: left;\">O casamento \u00e9 um momento \u00fanico, feito de emo\u00e7\u00f5es, mem\u00f3rias e detalhes que ficam para sempre.\u2028Na OSTRAMOR acreditamos que o amor tamb\u00e9m se celebra atrav\u00e9s de experi\u00eancias que tocam os sentidos.\n\u00c9 por isso que levamos at\u00e9 ao vosso grande dia a frescura e a eleg\u00e2ncia das ostras, servidas ao vivo, com arte e delicadeza. Cada ostra aberta \u00e9 mais do que um gesto gastron\u00f3mico: \u00e9 um brinde ao amor, \u00e0 vida e ao futuro a dois.\nQueremos transformar o cocktail ou a rece\u00e7\u00e3o num instante inesquec\u00edvel, onde os convidados partilham n\u00e3o apenas sabores \u00fanicos, mas tamb\u00e9m a emo\u00e7\u00e3o de um momento especial. Porque tal como o vosso amor, tamb\u00e9m as nossas ostras s\u00e3o s\u00edmbolo de raridade, requinte e celebra\u00e7\u00e3o.\nDeixem a OSTRAMOR fazer parte da vossa hist\u00f3ria, acrescentando um toque de magia e romantismo ao dia mais bonito das vossas vidas.<\/p>\n\n\n\n\n\n\nCONTACT EMAIL\n\n\n\n\n\n\n\n\n\n\n\n\n\n\n&#8230;\ngeral@ostramor.com\n\n\n\nREDES SOCIAIS\n\n\n\n\n\n\n\n\n\n\n\n\n\n\n&#8230;\n\n\n\n\n\n\n\nPHONE\n\n\n\n\n\n\n\n\n\n\n\n\n\n\n&#8230;\n+351 920 513 412\n\n\n\n\n\nservi\u00e7os\nO amor \u00e9 raro. O amor \u00e9 \u00fanico.\nAssim como cada ostra que servimos no vosso grande dia. \ud83d\udc95\ud83e\uddaa\n\n\n\n\n\n\n\n\n\n<p style=\"font-family:cabin;color:#fff;font-size:10px;letter-spacing:2px;padding-bottom:10px;\">COUPLE<\/p>\n\n\n\n\n\n\n\n\n\n\n<p style=\"font-family:cabin;color:#fff;font-size:10px;letter-spacing:2px;padding-bottom:10px;\">ELOPEMENTS<\/p>\n\n\n\n\n\n\n\n\n\n\n<p style=\"font-family:cabin;color:#fff;font-size:10px;letter-spacing:2px;padding-bottom:10px;\">WEDDINGS<\/p>\n\n\n\n\n\n\n\n","protected":false},"excerpt":{"rendered":"","protected":false},"author":1,"featured_media":0,"parent":0,"menu_order":0,"comment_status":"closed","ping_status":"closed","template":"","meta":{"pagelayer_contact_templates":[],"_pagelayer_content":"","footnotes":""},"class_list":["post-33","page","type-page","status-publish","hentry"],"_links":{"self":[{"href":"https:\/\/ostramor.com\/pt\/wp-json\/wp\/v2\/pages\/33","targetHints":{"allow":["GET"]}}],"collection":[{"href":"https:\/\/ostramor.com\/pt\/wp-json\/wp\/v2\/pages"}],"about":[{"href":"https:\/\/ostramor.com\/pt\/wp-json\/wp\/v2\/types\/page"}],"author":[{"embeddable":true,"href":"https:\/\/ostramor.com\/pt\/wp-json\/wp\/v2\/users\/1"}],"replies":[{"embeddable":true,"href":"https:\/\/ostramor.com\/pt\/wp-json\/wp\/v2\/comments?post=33"}],"version-history":[{"count":21,"href":"https:\/\/ostramor.com\/pt\/wp-json\/wp\/v2\/pages\/33\/revisions"}],"predecessor-version":[{"id":86,"href":"https:\/\/ostramor.com\/pt\/wp-json\/wp\/v2\/pages\/33\/revisions\/86"}],"wp:attachment":[{"href":"https:\/\/ostramor.com\/pt\/wp-json\/wp\/v2\/media?parent=33"}],"curies":[{"name":"wp","href":"https:\/\/api.w.org\/{rel}","templated":true}]}}